{"id":58,"date":"2023-11-27T17:45:35","date_gmt":"2023-11-27T16:45:35","guid":{"rendered":"http:\/\/dev.adwokatura.krakow.pl\/adwokaci-i-aplikanci\/?page_id=58"},"modified":"2024-03-12T12:11:30","modified_gmt":"2024-03-12T11:11:30","slug":"ksiegowosc-i-fwp","status":"publish","type":"page","link":"https:\/\/dev.adwokatura.krakow.pl\/adwokaci-i-aplikanci\/ksiegowosc-i-fwp\/","title":{"rendered":"Ksi\u0119gowo\u015b\u0107 i FWP"},"content":{"rendered":"\n<div class=\"wp-block-buttons is-layout-flex wp-block-buttons-is-layout-flex\">\n<div class=\"wp-block-button is-style-przycisk-style-one\"><a class=\"button wp-element-button\" href=\"#skladki-izbowe\">SK\u0141ADKI IZBOWE<\/a><\/div>\n\n\n\n<div class=\"wp-block-button is-style-przycisk-style-one\"><a class=\"button wp-element-button\" href=\"#deklaracje-oc\">NOWE DEKLARACJE OC ADWOKATA<\/a><\/div>\n\n\n\n<div class=\"wp-block-button is-style-przycisk-style-one\"><a class=\"button wp-element-button\" href=\"#legitymacje\">LEGITYMACJE<\/a><\/div>\n\n\n\n<div class=\"wp-block-button is-style-przycisk-style-one\"><a class=\"button wp-element-button\" href=\"#fwp\">FUNDUSZ WZAJEMNEJ POMOCY<\/a><\/div>\n<\/div>\n\n\n\n<h4 class=\"wp-block-heading\" id=\"skladki-izbowe\">SK\u0141ADKI IZBOWE<\/h4>\n\n\n<div class=\"zalaczniki\">\n    \n    <div class=\"zalaczniki__wrap\">\n                        <div class=\"zalaczniki__single\">\n                <div class=\"zalaczniki__first\">\n                    <p class=\"zalaczniki__title\">\n                                                    Uchwa\u0142a Zgromadzenia Krakowskiej Izby Adwokackiej w Krakowie w sprawie zatwierdzenia preliminarza bud\u017cetowego KIA na 2023 rok                                            <\/p>\n                    <p class=\"zalaczniki__file-name\">\n                                                    Uchwala-z-dnia-14-czerwca-2023.pdf                                            <\/p>\n                <\/div>\n                <div class=\"zalaczniki__middle\">\n                                        <a href=\"https:\/\/dev.adwokatura.krakow.pl\/adwokaci-i-aplikanci\/wp-content\/uploads\/sites\/2\/2023\/12\/Uchwala-z-dnia-14-czerwca-2023.pdf\">Zobacz plik<\/a>\n                                    <\/div>\n                <div class=\"zalaczniki__last\">\n                                        <a download href=\"https:\/\/dev.adwokatura.krakow.pl\/adwokaci-i-aplikanci\/wp-content\/uploads\/sites\/2\/2023\/12\/Uchwala-z-dnia-14-czerwca-2023.pdf\">\n                            <img decoding=\"async\" src=\"https:\/\/dev.adwokatura.krakow.pl\/adwokaci-i-aplikanci\/wp-content\/themes\/kia\/dist\/images\/download.svg\" alt=\"download\">\n                        <\/a>\n                                    <\/div>\n               \n            <\/div>\n                <\/div>\n<\/div>\n\n\n<h4 class=\"wp-block-heading\" id=\"deklaracje-oc\">DEKLARACJA OC ADWOKATA<\/h4>\n\n\n<div class=\"zalaczniki\">\n    \n    <div class=\"zalaczniki__wrap\">\n                        <div class=\"zalaczniki__single\">\n                <div class=\"zalaczniki__first\">\n                    <p class=\"zalaczniki__title\">\n                                            <\/p>\n                    <p class=\"zalaczniki__file-name\">\n                                                    deklaracja-oc-adwokata-od-01-01-2022-aktualizacja.pdf                                            <\/p>\n                <\/div>\n                <div class=\"zalaczniki__middle\">\n                                        <a href=\"https:\/\/dev.adwokatura.krakow.pl\/adwokaci-i-aplikanci\/wp-content\/uploads\/sites\/2\/2023\/12\/deklaracja-oc-adwokata-od-01-01-2022-aktualizacja.pdf\">Zobacz plik<\/a>\n                                    <\/div>\n                <div class=\"zalaczniki__last\">\n                                        <a download href=\"https:\/\/dev.adwokatura.krakow.pl\/adwokaci-i-aplikanci\/wp-content\/uploads\/sites\/2\/2023\/12\/deklaracja-oc-adwokata-od-01-01-2022-aktualizacja.pdf\">\n                            <img decoding=\"async\" src=\"https:\/\/dev.adwokatura.krakow.pl\/adwokaci-i-aplikanci\/wp-content\/themes\/kia\/dist\/images\/download.svg\" alt=\"download\">\n                        <\/a>\n                                    <\/div>\n               \n            <\/div>\n                <\/div>\n<\/div>\n\n\n<h4 class=\"wp-block-heading\" id=\"legitymacje\">LEGITYMACJE<\/h4>\n\n\n\n<p>Koszt wydania nowej legitymacji adwokackiej \/ aplikanckiej &#8211; 91, 02 z\u0142<br>Czas wyrobienia legitymacji &#8211; oko\u0142o 1 miesi\u0105c<\/p>\n\n\n\n<ul>\n<li><strong>Legitymacje dla adwokat\u00f3w<\/strong>, kt\u00f3rzy rozpoczynaj\u0105 wykonywanie zawodu, wyrabiane s\u0105 automatycznie po z\u0142o\u017ceniu zawiadomienia o rozpocz\u0119ciu wykonywania zawodu.<\/li>\n\n\n\n<li><strong>Legitymacje dla aplikant\u00f3w adwokackich<\/strong> wyrabiane s\u0105 automatycznie po rozpocz\u0119ciu roku szkoleniowego.<\/li>\n<\/ul>\n\n\n\n<p>W przypadku zmiany danych, utraty, b\u0105d\u017a zniszczenia, legitymacje wyrabiane s\u0105 po uprzednim z\u0142o\u017ceniu stosownego wniosku na adres e-mail ksi\u0119gowo\u015bci.<br>Legitymacje wydawane s\u0105 w Dziale Ksi\u0119gowo\u015bci ORA.<\/p>\n\n\n\n<h4 class=\"wp-block-heading\">Najwa\u017cniejsze informacje dot. legitymacji<\/h4>\n\n\n\n<p>Zgodnie z \u00a7 2&nbsp; uchwa\u0142y NR 269\/2022 Prezydium Naczelnej Rady Adwokackiej z dnia 8 grudnia 2022 r.:<br>(\u2026)<br><em>5. Adwokat, kt\u00f3remu wydano legitymacj\u0119 w zwi\u0105zku ze zmian\u0105 danych w niej zawartych, jest zobowi\u0105zany zwr\u00f3ci\u0107 okr\u0119gowej radzie adwokackiej tej izby, kt\u00f3rej jest cz\u0142onkiem, legitymacj\u0119 zawieraj\u0105c\u0105 nieaktualne dane, najp\u00f3\u017aniej w chwili odbioru nowej legitymacji.<\/em><\/p>\n\n\n\n<p><em>6. Adwokat jest zobowi\u0105zany zwr\u00f3ci\u0107 w\u0142a\u015bciwej okr\u0119gowej radzie adwokackiej legitymacj\u0119 w terminie 7 dni, licz\u0105c od dnia wykonalno\u015bci:<br>a) uchwa\u0142y o uznaniu za trwale niezdolnego do wykonywania zawodu adwokata,<br>b) orzeczenia o ubezw\u0142asnowolnieniu,<br>c) orzeczenia kary zawieszenia w czynno\u015bciach zawodowych albo tymczasowego zawieszenia w wykonywaniu czynno\u015bci zawodowych,<br>d) uchwa\u0142y o zawieszeniu w wykonywaniu czynno\u015bci zawodowych,<br>e) orzeczenia o wydaleniu z adwokatury,<br>f) orzeczenia \u015brodka zapobiegawczego, \u015brodka probacyjnego lub \u015brodka karnego skutkuj\u0105cego zakazem wykonywania zawodu adwokata.<\/em><\/p>\n\n\n\n<p><em>7. Osoba skre\u015blona z listy adwokat\u00f3w jest zobowi\u0105zana zwr\u00f3ci\u0107 legitymacj\u0119 adwokack\u0105 w\u0142a\u015bciwej okr\u0119gowej radzie adwokackiej w terminie 7 dni, licz\u0105c od dnia wykonalno\u015bci uchwa\u0142y o skre\u015bleniu jej z listy adwokat\u00f3w.<\/em><\/p>\n\n\n\n<p><em>8. W wypadkach, o kt\u00f3rych mowa w ust. 6\u20137 legitymacja adwokacka traci wa\u017cno\u015b\u0107 w dniu wykonalno\u015bci odpowiednio uchwa\u0142 lub orzecze\u0144 tam wymienionych.<\/em><\/p>\n\n\n<div class=\"zalaczniki\">\n    \n    <div class=\"zalaczniki__wrap\">\n                        <div class=\"zalaczniki__single\">\n                <div class=\"zalaczniki__first\">\n                    <p class=\"zalaczniki__title\">\n                                                    Uchwa\u0142a NRA w sprawie legitymacji                                            <\/p>\n                    <p class=\"zalaczniki__file-name\">\n                                                    zal.-K02-uchwala-prezydium-nra-nr-2692022.pdf                                            <\/p>\n                <\/div>\n                <div class=\"zalaczniki__middle\">\n                                        <a href=\"https:\/\/dev.adwokatura.krakow.pl\/adwokaci-i-aplikanci\/wp-content\/uploads\/sites\/2\/2024\/03\/zal.-K02-uchwala-prezydium-nra-nr-2692022.pdf\">Zobacz plik<\/a>\n                                    <\/div>\n                <div class=\"zalaczniki__last\">\n                                        <a download href=\"https:\/\/dev.adwokatura.krakow.pl\/adwokaci-i-aplikanci\/wp-content\/uploads\/sites\/2\/2024\/03\/zal.-K02-uchwala-prezydium-nra-nr-2692022.pdf\">\n                            <img decoding=\"async\" src=\"https:\/\/dev.adwokatura.krakow.pl\/adwokaci-i-aplikanci\/wp-content\/themes\/kia\/dist\/images\/download.svg\" alt=\"download\">\n                        <\/a>\n                                    <\/div>\n               \n            <\/div>\n                <\/div>\n<\/div>\n\n\n<h4 class=\"wp-block-heading\" id=\"fwp\">FUNDUSZ WZAJEMNEJ POMOCY<\/h4>\n\n\n\n<p>Specjalistyczny Gabinet Lekarski w Krakowie ul. Batorego 17, parter<br><em>dr n. med. Tomasz Gawlikowski<\/em>&nbsp;<br>Specjalista Chor\u00f3b Wewn\u0119trznych<br>Specjalista Toksykologii Klinicznej<br>Czynny w ka\u017cdy czwartek w godz. 16:00-18:00<\/p>\n\n\n<div class=\"zalaczniki\">\n    \n    <div class=\"zalaczniki__wrap\">\n                        <div class=\"zalaczniki__single\">\n                <div class=\"zalaczniki__first\">\n                    <p class=\"zalaczniki__title\">\n                                            <\/p>\n                    <p class=\"zalaczniki__file-name\">\n                                                    deklaracja-fwp-2021.pdf                                            <\/p>\n                <\/div>\n                <div class=\"zalaczniki__middle\">\n                                        <a href=\"https:\/\/dev.adwokatura.krakow.pl\/adwokaci-i-aplikanci\/wp-content\/uploads\/sites\/2\/2023\/12\/deklaracja-fwp-2021.pdf\">Zobacz plik<\/a>\n                                    <\/div>\n                <div class=\"zalaczniki__last\">\n                                        <a download href=\"https:\/\/dev.adwokatura.krakow.pl\/adwokaci-i-aplikanci\/wp-content\/uploads\/sites\/2\/2023\/12\/deklaracja-fwp-2021.pdf\">\n                            <img decoding=\"async\" src=\"https:\/\/dev.adwokatura.krakow.pl\/adwokaci-i-aplikanci\/wp-content\/themes\/kia\/dist\/images\/download.svg\" alt=\"download\">\n                        <\/a>\n                                    <\/div>\n               \n            <\/div>\n                    <div class=\"zalaczniki__single\">\n                <div class=\"zalaczniki__first\">\n                    <p class=\"zalaczniki__title\">\n                                            <\/p>\n                    <p class=\"zalaczniki__file-name\">\n                                                    zal.-K01-Regulamin-FWP-2023.docx                                            <\/p>\n                <\/div>\n                <div class=\"zalaczniki__middle\">\n                                        <a href=\"https:\/\/dev.adwokatura.krakow.pl\/adwokaci-i-aplikanci\/wp-content\/uploads\/sites\/2\/2024\/03\/zal.-K01-Regulamin-FWP-2023.docx\">Zobacz plik<\/a>\n                                    <\/div>\n                <div class=\"zalaczniki__last\">\n                                        <a download href=\"https:\/\/dev.adwokatura.krakow.pl\/adwokaci-i-aplikanci\/wp-content\/uploads\/sites\/2\/2024\/03\/zal.-K01-Regulamin-FWP-2023.docx\">\n                            <img decoding=\"async\" src=\"https:\/\/dev.adwokatura.krakow.pl\/adwokaci-i-aplikanci\/wp-content\/themes\/kia\/dist\/images\/download.svg\" alt=\"download\">\n                        <\/a>\n                                    <\/div>\n               \n            <\/div>\n                <\/div>\n<\/div>","protected":false},"excerpt":{"rendered":"<p>SK\u0141ADKI IZBOWE DEKLARACJA OC ADWOKATA LEGITYMACJE Koszt wydania nowej legitymacji adwokackiej \/ aplikanckiej &#8211; 91, 02 z\u0142Czas wyrobienia legitymacji &#8211; oko\u0142o 1 miesi\u0105c W przypadku zmiany danych, utraty, b\u0105d\u017a zniszczenia, legitymacje wyrabiane s\u0105 po uprzednim z\u0142o\u017ceniu stosownego wniosku na adres e-mail ksi\u0119gowo\u015bci.Legitymacje wydawane s\u0105 w Dziale Ksi\u0119gowo\u015bci ORA. Najwa\u017cniejsze informacje dot. legitymacji Zgodnie z \u00a7 [&hellip;]<\/p>\n","protected":false},"author":1,"featured_media":0,"parent":0,"menu_order":0,"comment_status":"closed","ping_status":"closed","template":"","meta":{"inline_featured_image":false,"footnotes":""},"acf":[],"_links":{"self":[{"href":"https:\/\/dev.adwokatura.krakow.pl\/adwokaci-i-aplikanci\/wp-json\/wp\/v2\/pages\/58"}],"collection":[{"href":"https:\/\/dev.adwokatura.krakow.pl\/adwokaci-i-aplikanci\/wp-json\/wp\/v2\/pages"}],"about":[{"href":"https:\/\/dev.adwokatura.krakow.pl\/adwokaci-i-aplikanci\/wp-json\/wp\/v2\/types\/page"}],"author":[{"embeddable":true,"href":"https:\/\/dev.adwokatura.krakow.pl\/adwokaci-i-aplikanci\/wp-json\/wp\/v2\/users\/1"}],"replies":[{"embeddable":true,"href":"https:\/\/dev.adwokatura.krakow.pl\/adwokaci-i-aplikanci\/wp-json\/wp\/v2\/comments?post=58"}],"version-history":[{"count":64,"href":"https:\/\/dev.adwokatura.krakow.pl\/adwokaci-i-aplikanci\/wp-json\/wp\/v2\/pages\/58\/revisions"}],"predecessor-version":[{"id":3381,"href":"https:\/\/dev.adwokatura.krakow.pl\/adwokaci-i-aplikanci\/wp-json\/wp\/v2\/pages\/58\/revisions\/3381"}],"wp:attachment":[{"href":"https:\/\/dev.adwokatura.krakow.pl\/adwokaci-i-aplikanci\/wp-json\/wp\/v2\/media?parent=58"}],"curies":[{"name":"wp","href":"https:\/\/api.w.org\/{rel}","templated":true}]}}