{"id":32,"date":"2023-11-27T17:43:04","date_gmt":"2023-11-27T16:43:04","guid":{"rendered":"http:\/\/dev.adwokatura.krakow.pl\/adwokaci-i-aplikanci\/?page_id=32"},"modified":"2024-04-22T09:57:15","modified_gmt":"2024-04-22T07:57:15","slug":"dla-aplikantow","status":"publish","type":"page","link":"https:\/\/dev.adwokatura.krakow.pl\/adwokaci-i-aplikanci\/dla-aplikantow\/","title":{"rendered":"Dla aplikant\u00f3w"},"content":{"rendered":"<a class=\"button button--zielony-ze-strzalka\" href=\"http:\/\/dev.adwokatura.krakow.pl\/adwokaci-i-aplikanci\/dla-aplikantow\/egzamin\/\">\n        Egzamin wst\u0119pny na aplikacj\u0119 adwokack\u0105<\/a>\n\n\n<a class=\"button button--zielony-ze-strzalka\" href=\"http:\/\/dev.adwokatura.krakow.pl\/adwokaci-i-aplikanci\/dla-aplikantow\/egzamin\/\">\n        Egzamin Adwokacki<\/a>\n\n\n<a class=\"button button--zielony-ze-strzalka\" href=\"https:\/\/rejestradwokatow.pl\/aplikant\">\n        Rejestr aplikant\u00f3w<\/a>\n\n\n<a class=\"button button--zielony-ze-strzalka\" href=\"http:\/\/dev.adwokatura.krakow.pl\/adwokaci-i-aplikanci\/dla-aplikantow\/plan-szkolen\/\">\n        Plan szkolenia<\/a>\n\n\n<a class=\"button button--zielony-ze-strzalka\" href=\"http:\/\/dev.adwokatura.krakow.pl\/adwokaci-i-aplikanci\/dla-aplikantow\/do-pobrania\/\">\n        Do pobrania<\/a>\n\n\n<a class=\"button button--zielony-ze-strzalka\" href=\"http:\/\/dev.adwokatura.krakow.pl\/adwokaci-i-aplikanci\/dla-adwokatow\/karty-sportowe\/\">\n        Karty sportowe<\/a>\n\n\n<a class=\"button button--zielony-ze-strzalka\" href=\"http:\/\/dev.adwokatura.krakow.pl\/adwokaci-i-aplikanci\/dla-adwokatow\/skrzynka-pocztowa\/\">\n        Skrzynki pocztowe<\/a>\n\n\n\n<p><\/p>\n","protected":false},"excerpt":{"rendered":"","protected":false},"author":1,"featured_media":0,"parent":0,"menu_order":0,"comment_status":"closed","ping_status":"closed","template":"","meta":{"inline_featured_image":false,"footnotes":""},"acf":[],"_links":{"self":[{"href":"https:\/\/dev.adwokatura.krakow.pl\/adwokaci-i-aplikanci\/wp-json\/wp\/v2\/pages\/32"}],"collection":[{"href":"https:\/\/dev.adwokatura.krakow.pl\/adwokaci-i-aplikanci\/wp-json\/wp\/v2\/pages"}],"about":[{"href":"https:\/\/dev.adwokatura.krakow.pl\/adwokaci-i-aplikanci\/wp-json\/wp\/v2\/types\/page"}],"author":[{"embeddable":true,"href":"https:\/\/dev.adwokatura.krakow.pl\/adwokaci-i-aplikanci\/wp-json\/wp\/v2\/users\/1"}],"replies":[{"embeddable":true,"href":"https:\/\/dev.adwokatura.krakow.pl\/adwokaci-i-aplikanci\/wp-json\/wp\/v2\/comments?post=32"}],"version-history":[{"count":5,"href":"https:\/\/dev.adwokatura.krakow.pl\/adwokaci-i-aplikanci\/wp-json\/wp\/v2\/pages\/32\/revisions"}],"predecessor-version":[{"id":3652,"href":"https:\/\/dev.adwokatura.krakow.pl\/adwokaci-i-aplikanci\/wp-json\/wp\/v2\/pages\/32\/revisions\/3652"}],"wp:attachment":[{"href":"https:\/\/dev.adwokatura.krakow.pl\/adwokaci-i-aplikanci\/wp-json\/wp\/v2\/media?parent=32"}],"curies":[{"name":"wp","href":"https:\/\/api.w.org\/{rel}","templated":true}]}}