{"id":16,"date":"2023-11-27T17:42:19","date_gmt":"2023-11-27T16:42:19","guid":{"rendered":"http:\/\/dev.adwokatura.krakow.pl\/adwokaci-i-aplikanci\/?page_id=16"},"modified":"2023-12-04T12:34:07","modified_gmt":"2023-12-04T11:34:07","slug":"npp","status":"publish","type":"page","link":"https:\/\/dev.adwokatura.krakow.pl\/adwokaci-i-aplikanci\/dla-adwokatow\/npp\/","title":{"rendered":"NPP"},"content":{"rendered":"\n<p><strong>Adwokaci Krakowskiej Izby Adwokackiej \u015bwiadcz\u0105 pomoc w ramach Nieodp\u0142atnej Pomocy Prawnej na terenie gmin i &nbsp;powiat\u00f3w, poni\u017cej linki do poszczeg\u00f3lnych gmin i powiat\u00f3w pod kt\u00f3rymi mo\u017cna znale\u017a\u0107 szczeg\u00f3\u0142owe informacje.<\/strong><\/p>\n\n\n\n<div class=\"wp-block-buttons is-layout-flex wp-block-buttons-is-layout-flex\">\n<div class=\"wp-block-button\"><a class=\"button wp-element-button\" href=\"https:\/\/www.gov.pl\/web\/nieodplatna-pomoc\">Nieodp\u0142atna pomoc<\/a><\/div>\n<\/div>\n\n\n\n<p><strong>Brzesko<\/strong> &#8211; <a href=\"https:\/\/www.powiatbrzeski.pl\/artykul\/167,nieodplatna-pomoc-prawna\">https:\/\/www.powiatbrzeski.pl\/artykul\/167,nieodplatna-pomoc-prawna<\/a><\/p>\n\n\n\n<p><strong>D\u0105browa Tarnowska<\/strong> &#8211; <a href=\"https:\/\/www.dabrowatar.sr.gov.pl\/nieodplatna-pomoc-prawna-i-nieodplatne-poradnictwo-obywatelskie,m,mg,3,161\">https:\/\/www.dabrowatar.sr.gov.pl\/nieodplatna-pomoc-prawna-i-nieodplatne-poradnictwo-obywatelskie,m,mg,3,161<\/a><\/p>\n\n\n\n<p><strong>D\u0119bica<\/strong> &#8211; <a href=\"http:\/\/powiatdebicki.pl\/dla-mieszkanca\/inne\/nieodplatna-pomoc-prawna\">http:\/\/powiatdebicki.pl\/dla-mieszkanca\/inne\/nieodplatna-pomoc-prawna<\/a><\/p>\n\n\n\n<p><strong>Gmina Miejska Krak\u00f3w<\/strong> &#8211; <a href=\"https:\/\/www.krakow.pl\/154843,artykul,nieodplatna_pomoc_prawna_i_nieodplatna_mediacja.html\">https:\/\/www.krakow.pl\/154843,artykul,nieodplatna_pomoc_prawna_i_nieodplatna_mediacja.html<\/a><\/p>\n\n\n\n<p><strong>Powiat Krakowski<\/strong> &#8211; <a href=\"https:\/\/powiat.krakow.pl\/nieodplatna-pomoc-prawna\/\">https:\/\/powiat.krakow.pl\/nieodplatna-pomoc-prawna\/<\/a><\/p>\n\n\n\n<p><strong>Gorlice<\/strong> &#8211; <a href=\"https:\/\/www.powiatgorlicki.pl\/index.php\/nieodplatna-pomoc-prawna\">https:\/\/www.powiatgorlicki.pl\/index.php\/nieodplatna-pomoc-prawna<\/a><\/p>\n\n\n\n<p><strong>Limanowa<\/strong> &#8211; <a href=\"https:\/\/powiat.limanowski.pl\/blog\/nieodplatna-pomoc-prawna-skierowana-do-osob-prowadzacych-jednoosobowa-dzialalnosc-gospodarcza-jest-pomoca-de-minimis\/\">https:\/\/powiat.limanowski.pl\/blog\/nieodplatna-pomoc-prawna-skierowana-do-osob-prowadzacych-jednoosobowa-dzialalnosc-gospodarcza-jest-pomoca-de-minimis\/<\/a><\/p>\n\n\n\n<p><strong>My\u015blenice <\/strong>&#8211; <a href=\"https:\/\/www.myslenicki.pl\/index.php\/dla-mieszkanca\/poradnik-interesanta\/nieodplatna-pomoc-prawna\">https:\/\/www.myslenicki.pl\/index.php\/dla-mieszkanca\/poradnik-interesanta\/nieodplatna-pomoc-prawna<\/a><\/p>\n\n\n\n<p><strong>Gmina Miejska Nowy S\u0105cz<\/strong> &#8211; <a href=\"https:\/\/mops.nowysacz.pl\/punkt-nieodplatnej-pomocy-prawnej\/\">https:\/\/mops.nowysacz.pl\/punkt-nieodplatnej-pomocy-prawnej\/<\/a><\/p>\n\n\n\n<p><strong>Powiat Nowos\u0105decki<\/strong> &#8211; <a href=\"https:\/\/nowosadecki.pl\/pl\/punkty-pomocy-prawnej-i-obywatelskiej\">https:\/\/nowosadecki.pl\/pl\/punkty-pomocy-prawnej-i-obywatelskiej<\/a><\/p>\n\n\n\n<p><strong>Nowy Targ<\/strong> &#8211; <a href=\"https:\/\/www.nowotarski.pl\/bip\/starostwo_powiatowe\/dokumenty\/nieodplatna-pomoc-prawna-304.html\">https:\/\/www.nowotarski.pl\/bip\/starostwo_powiatowe\/dokumenty\/nieodplatna-pomoc-prawna-304.html<\/a><\/p>\n\n\n\n<p><strong>Proszowice<\/strong> &#8211; <a href=\"https:\/\/samorzad.gov.pl\/web\/powiat-proszowicki\/nieodplatna-pomoc-prawna\">https:\/\/samorzad.gov.pl\/web\/powiat-proszowicki\/nieodplatna-pomoc-prawna<\/a><\/p>\n\n\n\n<p><strong>Gmina Miejska Tarn\u00f3w<\/strong> &#8211; <a href=\"https:\/\/tarnow.pl\/Dla-mieszkancow\/Urzad-Miasta\/Nieodplatna-pomoc-prawna\">https:\/\/tarnow.pl\/Dla-mieszkancow\/Urzad-Miasta\/Nieodplatna-pomoc-prawna<\/a><\/p>\n\n\n\n<p><strong>Powiat Tarnowski<\/strong> &#8211; <a href=\"https:\/\/www.sc.org.pl\/co-robimy\/nieodplatna-pomoc-prawna\/nasze-punkty-pomocy\/powiat-tarnowski-2022\/\">https:\/\/www.sc.org.pl\/co-robimy\/nieodplatna-pomoc-prawna\/nasze-punkty-pomocy\/powiat-tarnowski-2022\/<\/a><\/p>\n\n\n\n<p><strong>Powiat Tatrza\u0144ski<\/strong> &#8211; <a href=\"https:\/\/www.powiat.tatry.pl\/index.php\/urzad\/pomoc-prawna\">https:\/\/www.powiat.tatry.pl\/index.php\/urzad\/pomoc-prawna<\/a><\/p>\n\n\n\n<p><strong>Wieliczka<\/strong> &#8211; <a href=\"https:\/\/www.wieliczka.eu\/pl\/201129\/30091\/nieodplatna-pomoc-prawna-starostwo-powiatowe-w-wieliczce.html\">https:\/\/www.wieliczka.eu\/pl\/201129\/30091\/nieodplatna-pomoc-prawna-starostwo-powiatowe-w-wieliczce.html<\/a><\/p>\n","protected":false},"excerpt":{"rendered":"<p>Adwokaci Krakowskiej Izby Adwokackiej \u015bwiadcz\u0105 pomoc w ramach Nieodp\u0142atnej Pomocy Prawnej na terenie gmin i &nbsp;powiat\u00f3w, poni\u017cej linki do poszczeg\u00f3lnych gmin i powiat\u00f3w pod kt\u00f3rymi mo\u017cna znale\u017a\u0107 szczeg\u00f3\u0142owe informacje. Brzesko &#8211; https:\/\/www.powiatbrzeski.pl\/artykul\/167,nieodplatna-pomoc-prawna D\u0105browa Tarnowska &#8211; https:\/\/www.dabrowatar.sr.gov.pl\/nieodplatna-pomoc-prawna-i-nieodplatne-poradnictwo-obywatelskie,m,mg,3,161 D\u0119bica &#8211; http:\/\/powiatdebicki.pl\/dla-mieszkanca\/inne\/nieodplatna-pomoc-prawna Gmina Miejska Krak\u00f3w &#8211; https:\/\/www.krakow.pl\/154843,artykul,nieodplatna_pomoc_prawna_i_nieodplatna_mediacja.html Powiat Krakowski &#8211; https:\/\/powiat.krakow.pl\/nieodplatna-pomoc-prawna\/ Gorlice &#8211; https:\/\/www.powiatgorlicki.pl\/index.php\/nieodplatna-pomoc-prawna Limanowa &#8211; https:\/\/powiat.limanowski.pl\/blog\/nieodplatna-pomoc-prawna-skierowana-do-osob-prowadzacych-jednoosobowa-dzialalnosc-gospodarcza-jest-pomoca-de-minimis\/ My\u015blenice [&hellip;]<\/p>\n","protected":false},"author":1,"featured_media":0,"parent":7,"menu_order":0,"comment_status":"closed","ping_status":"closed","template":"","meta":{"inline_featured_image":false,"footnotes":""},"acf":[],"_links":{"self":[{"href":"https:\/\/dev.adwokatura.krakow.pl\/adwokaci-i-aplikanci\/wp-json\/wp\/v2\/pages\/16"}],"collection":[{"href":"https:\/\/dev.adwokatura.krakow.pl\/adwokaci-i-aplikanci\/wp-json\/wp\/v2\/pages"}],"about":[{"href":"https:\/\/dev.adwokatura.krakow.pl\/adwokaci-i-aplikanci\/wp-json\/wp\/v2\/types\/page"}],"author":[{"embeddable":true,"href":"https:\/\/dev.adwokatura.krakow.pl\/adwokaci-i-aplikanci\/wp-json\/wp\/v2\/users\/1"}],"replies":[{"embeddable":true,"href":"https:\/\/dev.adwokatura.krakow.pl\/adwokaci-i-aplikanci\/wp-json\/wp\/v2\/comments?post=16"}],"version-history":[{"count":3,"href":"https:\/\/dev.adwokatura.krakow.pl\/adwokaci-i-aplikanci\/wp-json\/wp\/v2\/pages\/16\/revisions"}],"predecessor-version":[{"id":531,"href":"https:\/\/dev.adwokatura.krakow.pl\/adwokaci-i-aplikanci\/wp-json\/wp\/v2\/pages\/16\/revisions\/531"}],"up":[{"embeddable":true,"href":"https:\/\/dev.adwokatura.krakow.pl\/adwokaci-i-aplikanci\/wp-json\/wp\/v2\/pages\/7"}],"wp:attachment":[{"href":"https:\/\/dev.adwokatura.krakow.pl\/adwokaci-i-aplikanci\/wp-json\/wp\/v2\/media?parent=16"}],"curies":[{"name":"wp","href":"https:\/\/api.w.org\/{rel}","templated":true}]}}