{"id":14,"date":"2023-11-27T17:41:57","date_gmt":"2023-11-27T16:41:57","guid":{"rendered":"http:\/\/dev.adwokatura.krakow.pl\/adwokaci-i-aplikanci\/?page_id=14"},"modified":"2023-12-01T15:44:34","modified_gmt":"2023-12-01T14:44:34","slug":"karty-sportowe","status":"publish","type":"page","link":"https:\/\/dev.adwokatura.krakow.pl\/adwokaci-i-aplikanci\/dla-adwokatow\/karty-sportowe\/","title":{"rendered":"Karty sportowe"},"content":{"rendered":"\n<h4 class=\"wp-block-heading\"><strong>DWUETAPOWA REJESTRACJA DO PROGRAMU\u00a0<\/strong><\/h4>\n\n\n\n<ol>\n<li>Aby rozpocz\u0105\u0107 udzia\u0142 w programie\u00a0<strong>od ka\u017cdego 1 dnia kolejnego miesi\u0105ca<\/strong>\u00a0nale\u017cy\u00a0<strong>wys\u0142a\u0107 informacj\u0119 z niezb\u0119dnymi danymi na podany adres email\u00a0(szczeg\u00f3\u0142y dot. zg\u0142oszenia poni\u017cej)<\/strong>. Po weryfikacji przez Izb\u0119 Pa\u0144stwa dane zg\u0142oszeniowe zostaj\u0105 przes\u0142ane do Vanity Style. Prosz\u0119 jednak pami\u0119ta\u0107, aby zg\u0142oszenia dokona\u0107\u00a0<strong>do ka\u017cdego 10 dnia miesi\u0105ca<\/strong> (10-ty to termin w kt\u00f3rym ORA Krak\u00f3w zamyka list\u0119 na dany miesi\u0105c i przesy\u0142a j\u0105 do Vanity).<\/li>\n\n\n\n<li>Na wskazany przez wype\u0142niaj\u0105cego adres e-mail zostanie wys\u0142any indywidualny link rejestracyjny przez Firm\u0119 VanityStyle, kt\u00f3ry nale\u017cy uruchomi\u0107 zgodnie z przes\u0142an\u0105 instrukcj\u0105 (nie jest to e-mail wysy\u0142any automatycznie \u2013 maile s\u0105 wysy\u0142ane po 10-tym ka\u017cdego miesi\u0105ca)<strong>*<\/strong>. Tylko ta rejestracja i op\u0142ata karty w terminie do 20-go ka\u017cdego miesi\u0105ca gwarantuje, \u017ce karta zostanie aktywowana.<\/li>\n<\/ol>\n\n\n\n<p>Odbi\u00f3r kart ma miejsce w Sekretariacie ORA w Krakowie\u00a0(parter, dziennik podawczy) w godzinach pracy Izby. <strong>Karta jest aktywowana zawsze od 1 dnia miesi\u0105ca.<\/strong><\/p>\n\n\n\n<h4 class=\"wp-block-heading\">SPOS\u00d3B ZG\u0141OSZENIA<\/h4>\n\n\n\n<p>W celu przyst\u0105pienia do programu KART SPORTOWYCH prosimy o przes\u0142anie niezb\u0119dnych danych na adres e-mail:\u00a0<strong><em><a href=\"mailto:joanna.rudzka@adwokatura.krakow.pl\">joanna.sarga@adwokatura.krakow.pl<\/a><\/em><\/strong>:<\/p>\n\n\n\n<ol>\n<li>Imi\u0119<\/li>\n\n\n\n<li>Nazwisko<\/li>\n\n\n\n<li>Adres e-mail<\/li>\n\n\n\n<li>Wyb\u00f3r karty sportowej:\n<ul>\n<li>FitSport<\/li>\n\n\n\n<li>FitProfit\u00a0<\/li>\n<\/ul>\n<\/li>\n<\/ol>\n\n\n\n<p><strong>W przypadku podania niekompletnych danych, zg\u0142oszenie uznaje si\u0119 za&nbsp;niewa\u017cne!!<\/strong><\/p>\n\n\n\n<p><em>Ceny szczeg\u00f3\u0142owe (tak\u017ce dla dzieci i os\u00f3b towarzysz\u0105cych) podane zostan\u0105 na wcze\u015bniejsz\u0105 pro\u015bb\u0119 na adres mailowy.<\/em><\/p>\n\n\n\n<div class=\"wp-block-buttons is-layout-flex wp-block-buttons-is-layout-flex\">\n<div class=\"wp-block-button\"><a class=\"button wp-element-button\" href=\"https:\/\/www.vanitystyle.pl\/regulaminy\/regulaminy-produktowe\">Regulamin<\/a><\/div>\n<\/div>\n\n\n\n<p><em>Administratorem danych osobowych jest Okr\u0119gowa Rada Adwokacka w Krakowie, ul. Batorego 17. Dane osobowe s\u0105 przetwarzane w celu umo\u017cliwienia udzia\u0142u w programach&nbsp;<strong>Fit Profit<\/strong>&nbsp;lub&nbsp;<strong>FitSport<\/strong>&nbsp;organizowanych przez&nbsp;<strong>VanityStyle Sp. z o.o.<\/strong>&nbsp;(podstawa przetwarzania danych to art. 6 ust 1 pkt b) RODO \u2013 kt\u00f3re jest niezb\u0119dne do wykonania umowy). Pa\u0144stwa dane zostan\u0105 przekazane VanityStyle Sp. z o.o. w celu umo\u017cliwienia Pa\u0144stwu rejestracji elektronicznej na platformie operatora ww. program\u00f3w.<\/em><\/p>\n\n\n\n<p><em>Dane b\u0119d\u0105 przetwarzane nie d\u0142u\u017cej, ni\u017c jest to konieczne do wzi\u0119cia udzia\u0142u w ww. programach, a po tym czasie mog\u0105 by\u0107 przetwarzane a\u017c do up\u0142ywu terminu przedawniania ew. roszcze\u0144. Podanie danych jest dobrowolne, ale konieczne do tego, \u017ceby wzi\u0105\u0107 udzia\u0142 w programach. Osoba, kt\u00f3rej dane dotycz\u0105, ma prawo \u017c\u0105dania dost\u0119pu do swoich danych osobowych, ich sprostowania, usuni\u0119cia lub ograniczenia przetwarzania, a tak\u017ce prawo wniesienia sprzeciwu wobec przetwarzania, a tak\u017ce prawo do przenoszenia swoich danych oraz wniesienia skargi do organu nadzorczego.<\/em><\/p>\n\n\n\n<p><em>W celu skorzystania z przys\u0142uguj\u0105cych Pa\u0144stwu uprawnie\u0144 nale\u017cy skontaktowa\u0107 si\u0119 z Administratorem za po\u015brednictwem&nbsp;<\/em><em><a href=\"mailto:ora@adwokatura.krakow.pl\">ora@adwokatura.krakow.pl<\/a><\/em><\/p>\n\n\n\n<p><em>*z powy\u017cszych zg\u0142osze\u0144 tworzy si\u0119 automatycznie lista uczestnik\u00f3w przekazana do\u00a0<strong>VanityStyle.<\/strong><\/em><\/p>\n\n\n\n<hr class=\"wp-block-separator has-alpha-channel-opacity\"\/>\n\n\n\n<p><em>Po przes\u0142aniu powy\u017cszych danych osobowych Administratorem Twoich danych b\u0119dzie VanityStyle Sp. z o. o. Twoje&nbsp;dane osobowe b\u0119d\u0105 przetwarzane przez czas konieczny do realizacji zadania.&nbsp;Zgodnie z art. 13 ust. 1 i 2 RODO informujemy, i\u017c:&nbsp;<\/em><\/p>\n\n\n\n<ul>\n<li><em>Administratorem Pani\/Pana danych osobowych jest VanityStyle Sp. z o.o. z siedzib\u0105 w Warszawie przy ul. Skierniewickiej 16\/20, 01-230 Warszawa.<\/em><\/li>\n\n\n\n<li><em>Kontakt z Inspektorem Ochrony Danych mo\u017cliwy jest za po\u015brednictwem adresu email&nbsp;<a href=\"mailto:iod@vanitystyle.pl\">iod@vanitystyle.pl<\/a>.<\/em><\/li>\n\n\n\n<li><em>Pani\/Pana dane osobowe przetwarzane b\u0119d\u0105 do czasu odwo\u0142ania zgody udzielonej w tym zakresie lub zg\u0142oszenia sprzeciwu wobec przetwarzania danych, w zale\u017cno\u015bci od tego kt\u00f3re zdarzenie wyst\u0105pi wcze\u015bniej.<\/em><\/li>\n\n\n\n<li><em>Odbiorcami Pani\/Pana danych osobowych b\u0119d\u0105 podmioty \u015bwiadcz\u0105ce us\u0142ugi serwisu i utrzymania system\u00f3w informatycznych, Pracownicy i Wsp\u00f3\u0142pracownicy VanityStyle Sp. z o. o., podmioty prowadz\u0105ce audyt oraz organy publiczne uprawnione do uzyskania danych osobowych na podstawie przepis\u00f3w prawa.<\/em><\/li>\n\n\n\n<li><em>Masz nast\u0119puj\u0105ce prawa zwi\u0105zane z przetwarzaniem danych osobowych:<\/em>\n<ul>\n<li><em>prawo do wycofania zgody na przetwarzanie danych osobowych w dowolnym momencie<\/em><\/li>\n\n\n\n<li><em>prawo do sprzeciwu wobec przetwarzania danych ze wzgl\u0119du na szczeg\u00f3ln\u0105 sytuacj\u0119<\/em><\/li>\n\n\n\n<li><em>prawo dost\u0119pu do danych<\/em><\/li>\n\n\n\n<li><em>prawo \u017c\u0105dania sprostowania Twoich danych osobowych<\/em><\/li>\n\n\n\n<li><em>prawo \u017c\u0105dania usuni\u0119cia Twoich danych osobowych<\/em><\/li>\n\n\n\n<li><em>prawo \u017c\u0105dania ograniczenia przetwarzania Twoich danych osobowych<\/em><\/li>\n\n\n\n<li><em>prawo do przenoszenia Twoich danych osobowych<\/em><\/li>\n\n\n\n<li><em>inne prawa, o kt\u00f3rych mowa w szczeg\u00f3\u0142owej informacji o przetwarzaniu danych<\/em><\/li>\n<\/ul>\n<\/li>\n<\/ul>\n\n\n\n<p><em>Szczeg\u00f3\u0142owe informacje o przetwarzaniu znajdziesz pod linkiem:\u00a0<a href=\"http:\/\/www.vanitystyle.pl\/prywatnosc\">http:\/\/www.vanitystyle.pl\/prywatnosc<\/a><\/em><\/p>\n\n\n\n<ul>\n<li><em>Ma Pani\/Pan prawo wniesienia skargi do organu nadzorczego.<\/em><\/li>\n\n\n\n<li><em>Podanie danych osobowych jest dobrowolne.<\/em><\/li>\n\n\n\n<li><em>Podanie przez Ciebie danych jest niezb\u0119dne do realizacji us\u0142ugi.<\/em><\/li>\n<\/ul>\n","protected":false},"excerpt":{"rendered":"<p>DWUETAPOWA REJESTRACJA DO PROGRAMU\u00a0 Odbi\u00f3r kart ma miejsce w Sekretariacie ORA w Krakowie\u00a0(parter, dziennik podawczy) w godzinach pracy Izby. Karta jest aktywowana zawsze od 1 dnia miesi\u0105ca. SPOS\u00d3B ZG\u0141OSZENIA W celu przyst\u0105pienia do programu KART SPORTOWYCH prosimy o przes\u0142anie niezb\u0119dnych danych na adres e-mail:\u00a0joanna.sarga@adwokatura.krakow.pl: W przypadku podania niekompletnych danych, zg\u0142oszenie uznaje si\u0119 za&nbsp;niewa\u017cne!! Ceny szczeg\u00f3\u0142owe [&hellip;]<\/p>\n","protected":false},"author":1,"featured_media":0,"parent":7,"menu_order":0,"comment_status":"closed","ping_status":"closed","template":"","meta":{"inline_featured_image":false,"footnotes":""},"acf":[],"_links":{"self":[{"href":"https:\/\/dev.adwokatura.krakow.pl\/adwokaci-i-aplikanci\/wp-json\/wp\/v2\/pages\/14"}],"collection":[{"href":"https:\/\/dev.adwokatura.krakow.pl\/adwokaci-i-aplikanci\/wp-json\/wp\/v2\/pages"}],"about":[{"href":"https:\/\/dev.adwokatura.krakow.pl\/adwokaci-i-aplikanci\/wp-json\/wp\/v2\/types\/page"}],"author":[{"embeddable":true,"href":"https:\/\/dev.adwokatura.krakow.pl\/adwokaci-i-aplikanci\/wp-json\/wp\/v2\/users\/1"}],"replies":[{"embeddable":true,"href":"https:\/\/dev.adwokatura.krakow.pl\/adwokaci-i-aplikanci\/wp-json\/wp\/v2\/comments?post=14"}],"version-history":[{"count":7,"href":"https:\/\/dev.adwokatura.krakow.pl\/adwokaci-i-aplikanci\/wp-json\/wp\/v2\/pages\/14\/revisions"}],"predecessor-version":[{"id":470,"href":"https:\/\/dev.adwokatura.krakow.pl\/adwokaci-i-aplikanci\/wp-json\/wp\/v2\/pages\/14\/revisions\/470"}],"up":[{"embeddable":true,"href":"https:\/\/dev.adwokatura.krakow.pl\/adwokaci-i-aplikanci\/wp-json\/wp\/v2\/pages\/7"}],"wp:attachment":[{"href":"https:\/\/dev.adwokatura.krakow.pl\/adwokaci-i-aplikanci\/wp-json\/wp\/v2\/media?parent=14"}],"curies":[{"name":"wp","href":"https:\/\/api.w.org\/{rel}","templated":true}]}}